{"id":61,"date":"2025-09-02T12:42:53","date_gmt":"2025-09-02T12:42:53","guid":{"rendered":"https:\/\/micasuseguranca.novadigital.co.mz\/?page_id=61"},"modified":"2025-09-02T12:42:53","modified_gmt":"2025-09-02T12:42:53","slug":"solucoes-de-seguranca","status":"publish","type":"page","link":"https:\/\/micasuseguranca.novadigital.co.mz\/en\/solucoes-de-seguranca\/","title":{"rendered":"Solu\u00e7\u00f5es de seguran\u00e7a"},"content":{"rendered":"<div class=\"xs_social_share_widget xs_share_url after_content \t\tmain_content  wslu-style-1 wslu-share-box-shaped wslu-fill-colored wslu-none wslu-share-horizontal wslu-theme-font-no wslu-main_content\">\n\n\t\t\n        <ul>\n\t\t\t        <\/ul>\n    <\/div>","protected":false},"excerpt":{"rendered":"","protected":false},"author":1,"featured_media":0,"parent":0,"menu_order":0,"comment_status":"closed","ping_status":"closed","template":"elementor_header_footer","meta":{"footnotes":""},"class_list":["post-61","page","type-page","status-publish","hentry"],"_links":{"self":[{"href":"https:\/\/micasuseguranca.novadigital.co.mz\/en\/wp-json\/wp\/v2\/pages\/61","targetHints":{"allow":["GET"]}}],"collection":[{"href":"https:\/\/micasuseguranca.novadigital.co.mz\/en\/wp-json\/wp\/v2\/pages"}],"about":[{"href":"https:\/\/micasuseguranca.novadigital.co.mz\/en\/wp-json\/wp\/v2\/types\/page"}],"author":[{"embeddable":true,"href":"https:\/\/micasuseguranca.novadigital.co.mz\/en\/wp-json\/wp\/v2\/users\/1"}],"replies":[{"embeddable":true,"href":"https:\/\/micasuseguranca.novadigital.co.mz\/en\/wp-json\/wp\/v2\/comments?post=61"}],"version-history":[{"count":1,"href":"https:\/\/micasuseguranca.novadigital.co.mz\/en\/wp-json\/wp\/v2\/pages\/61\/revisions"}],"predecessor-version":[{"id":63,"href":"https:\/\/micasuseguranca.novadigital.co.mz\/en\/wp-json\/wp\/v2\/pages\/61\/revisions\/63"}],"wp:attachment":[{"href":"https:\/\/micasuseguranca.novadigital.co.mz\/en\/wp-json\/wp\/v2\/media?parent=61"}],"curies":[{"name":"wp","href":"https:\/\/api.w.org\/{rel}","templated":true}]}}