{"id":58,"date":"2025-09-02T12:42:11","date_gmt":"2025-09-02T12:42:11","guid":{"rendered":"https:\/\/micasuseguranca.novadigital.co.mz\/?page_id=58"},"modified":"2025-10-08T20:15:22","modified_gmt":"2025-10-08T20:15:22","slug":"representacao-nacional","status":"publish","type":"page","link":"https:\/\/micasuseguranca.novadigital.co.mz\/en\/representacao-nacional\/","title":{"rendered":"Representa\u00e7\u00e3o nacional"},"content":{"rendered":"<div data-elementor-type=\"wp-page\" data-elementor-id=\"58\" class=\"elementor elementor-58\">\n\t\t\t\t<div class=\"elementor-element elementor-element-436637b e-flex e-con-boxed e-con e-parent\" data-id=\"436637b\" data-element_type=\"container\">\n\t\t\t\t\t<div class=\"e-con-inner\">\n\t\t\t\t<div class=\"elementor-element elementor-element-5216e57 jltma-glass-effect-no elementor-widget elementor-widget-image\" data-id=\"5216e57\" data-element_type=\"widget\" data-widget_type=\"image.default\">\n\t\t\t\t\t\t\t\t\t\t\t\t\t\t\t<img fetchpriority=\"high\" decoding=\"async\" width=\"800\" height=\"138\" src=\"https:\/\/micasuseguranca.novadigital.co.mz\/wp-content\/uploads\/2025\/10\/Page-Banner-General-1024x177.png\" class=\"attachment-large size-large wp-image-1084\" alt=\"\" srcset=\"https:\/\/micasuseguranca.novadigital.co.mz\/wp-content\/uploads\/2025\/10\/Page-Banner-General-1024x177.png 1024w, https:\/\/micasuseguranca.novadigital.co.mz\/wp-content\/uploads\/2025\/10\/Page-Banner-General-300x52.png 300w, https:\/\/micasuseguranca.novadigital.co.mz\/wp-content\/uploads\/2025\/10\/Page-Banner-General-768x133.png 768w, https:\/\/micasuseguranca.novadigital.co.mz\/wp-content\/uploads\/2025\/10\/Page-Banner-General-1536x266.png 1536w, https:\/\/micasuseguranca.novadigital.co.mz\/wp-content\/uploads\/2025\/10\/Page-Banner-General-18x3.png 18w, https:\/\/micasuseguranca.novadigital.co.mz\/wp-content\/uploads\/2025\/10\/Page-Banner-General-200x35.png 200w, https:\/\/micasuseguranca.novadigital.co.mz\/wp-content\/uploads\/2025\/10\/Page-Banner-General.png 1660w\" sizes=\"(max-width: 800px) 100vw, 800px\" \/>\t\t\t\t\t\t\t\t\t\t\t\t\t\t\t<\/div>\n\t\t\t\t\t<\/div>\n\t\t\t\t<\/div>\n\t\t<div class=\"elementor-element elementor-element-cf8638f e-flex e-con-boxed e-con e-parent\" data-id=\"cf8638f\" data-element_type=\"container\" data-settings=\"{&quot;background_background&quot;:&quot;classic&quot;}\">\n\t\t\t\t\t<div class=\"e-con-inner\">\n\t\t<div class=\"elementor-element elementor-element-6325b05e e-con-full e-flex e-con e-child\" data-id=\"6325b05e\" data-element_type=\"container\">\n\t\t\t\t<div class=\"elementor-element elementor-element-1fe44bd9 jltma-glass-effect-no elementor-widget elementor-widget-elementskit-heading\" data-id=\"1fe44bd9\" data-element_type=\"widget\" data-widget_type=\"elementskit-heading.default\">\n\t\t\t\t\t<div class=\"ekit-wid-con\" ><div class=\"ekit-heading elementskit-section-title-wraper text_left   ekit_heading_tablet-   ekit_heading_mobile-text_center\"><h2 class=\"ekit-heading--title elementskit-section-title\">COBRIMOS TODO O PA\u00cdS!<\/h2><\/div><\/div>\t\t\t\t<\/div>\n\t\t\t\t<div class=\"elementor-element elementor-element-58f33c2 jltma-glass-effect-no elementor-widget elementor-widget-spacer\" data-id=\"58f33c2\" data-element_type=\"widget\" data-widget_type=\"spacer.default\">\n\t\t\t\t\t\t\t<div class=\"elementor-spacer\">\n\t\t\t<div class=\"elementor-spacer-inner\"><\/div>\n\t\t<\/div>\n\t\t\t\t\t\t<\/div>\n\t\t\t\t<div class=\"elementor-element elementor-element-28c3ea10 jltma-glass-effect-no elementor-widget elementor-widget-text-editor\" data-id=\"28c3ea10\" data-element_type=\"widget\" data-widget_type=\"text-editor.default\">\n\t\t\t\t\t\t\t\t\t<p>Estamos sediados em Maputo, contudo a nossa equipa operacional e administrativa realiza desloca\u00e7\u00f5es e visitas peri\u00f3dicas de acompanhamento e coordena\u00e7\u00e3o dos trabalhos em cada prov\u00edncia.<\/p><p>Em cada prov\u00edncia contamos com Delegados permanentes, respons\u00e1veis pela lideran\u00e7a das opera\u00e7\u00f5es e pela assist\u00eancia c\u00e9lere aos clientes.<\/p>\t\t\t\t\t\t\t\t<\/div>\n\t\t\t\t<div class=\"elementor-element elementor-element-669c0c0 elementor-icon-list--layout-traditional elementor-list-item-link-full_width jltma-glass-effect-no elementor-widget elementor-widget-icon-list\" data-id=\"669c0c0\" data-element_type=\"widget\" data-widget_type=\"icon-list.default\">\n\t\t\t\t\t\t\t<ul class=\"elementor-icon-list-items\">\n\t\t\t\t\t\t\t<li class=\"elementor-icon-list-item\">\n\t\t\t\t\t\t\t\t\t\t\t<span class=\"elementor-icon-list-icon\">\n\t\t\t\t\t\t\t<svg aria-hidden=\"true\" class=\"e-font-icon-svg e-fas-check\" viewbox=\"0 0 512 512\" xmlns=\"http:\/\/www.w3.org\/2000\/svg\"><path d=\"M173.898 439.404l-166.4-166.4c-9.997-9.997-9.997-26.206 0-36.204l36.203-36.204c9.997-9.998 26.207-9.998 36.204 0L192 312.69 432.095 72.596c9.997-9.997 26.207-9.997 36.204 0l36.203 36.204c9.997 9.997 9.997 26.206 0 36.204l-294.4 294.401c-9.998 9.997-26.207 9.997-36.204-.001z\"><\/path><\/svg>\t\t\t\t\t\t<\/span>\n\t\t\t\t\t\t\t\t\t\t<span class=\"elementor-icon-list-text\">Dispomos de equipas de HST em todas as regi\u00f5es.<\/span>\n\t\t\t\t\t\t\t\t\t<\/li>\n\t\t\t\t\t\t\t\t<li class=\"elementor-icon-list-item\">\n\t\t\t\t\t\t\t\t\t\t\t<span class=\"elementor-icon-list-icon\">\n\t\t\t\t\t\t\t<svg aria-hidden=\"true\" class=\"e-font-icon-svg e-fas-check\" viewbox=\"0 0 512 512\" xmlns=\"http:\/\/www.w3.org\/2000\/svg\"><path d=\"M173.898 439.404l-166.4-166.4c-9.997-9.997-9.997-26.206 0-36.204l36.203-36.204c9.997-9.998 26.207-9.998 36.204 0L192 312.69 432.095 72.596c9.997-9.997 26.207-9.997 36.204 0l36.203 36.204c9.997 9.997 9.997 26.206 0 36.204l-294.4 294.401c-9.998 9.997-26.207 9.997-36.204-.001z\"><\/path><\/svg>\t\t\t\t\t\t<\/span>\n\t\t\t\t\t\t\t\t\t\t<span class=\"elementor-icon-list-text\">Os Supervisores est\u00e3o distribu\u00eddos pelas v\u00e1rias prov\u00edncias.<\/span>\n\t\t\t\t\t\t\t\t\t<\/li>\n\t\t\t\t\t\t\t\t<li class=\"elementor-icon-list-item\">\n\t\t\t\t\t\t\t\t\t\t\t<span class=\"elementor-icon-list-icon\">\n\t\t\t\t\t\t\t<svg aria-hidden=\"true\" class=\"e-font-icon-svg e-fas-check\" viewbox=\"0 0 512 512\" xmlns=\"http:\/\/www.w3.org\/2000\/svg\"><path d=\"M173.898 439.404l-166.4-166.4c-9.997-9.997-9.997-26.206 0-36.204l36.203-36.204c9.997-9.998 26.207-9.998 36.204 0L192 312.69 432.095 72.596c9.997-9.997 26.207-9.997 36.204 0l36.203 36.204c9.997 9.997 9.997 26.206 0 36.204l-294.4 294.401c-9.998 9.997-26.207 9.997-36.204-.001z\"><\/path><\/svg>\t\t\t\t\t\t<\/span>\n\t\t\t\t\t\t\t\t\t\t<span class=\"elementor-icon-list-text\">Contamos com equipas administrativas locais, encarregues de coordenar todas as atividades e de dar resposta \u00e0s necessidades dos clientes e das equipas operacionais no terreno.<\/span>\n\t\t\t\t\t\t\t\t\t<\/li>\n\t\t\t\t\t\t\t\t<li class=\"elementor-icon-list-item\">\n\t\t\t\t\t\t\t\t\t\t\t<span class=\"elementor-icon-list-icon\">\n\t\t\t\t\t\t\t<svg aria-hidden=\"true\" class=\"e-font-icon-svg e-fas-check\" viewbox=\"0 0 512 512\" xmlns=\"http:\/\/www.w3.org\/2000\/svg\"><path d=\"M173.898 439.404l-166.4-166.4c-9.997-9.997-9.997-26.206 0-36.204l36.203-36.204c9.997-9.998 26.207-9.998 36.204 0L192 312.69 432.095 72.596c9.997-9.997 26.207-9.997 36.204 0l36.203 36.204c9.997 9.997 9.997 26.206 0 36.204l-294.4 294.401c-9.998 9.997-26.207 9.997-36.204-.001z\"><\/path><\/svg>\t\t\t\t\t\t<\/span>\n\t\t\t\t\t\t\t\t\t\t<span class=\"elementor-icon-list-text\">As opera\u00e7\u00f5es s\u00e3o monitorizadas a n\u00edvel nacional pelos nossos CCO\u2019s \u2013 Centros de Controlo de Opera\u00e7\u00f5es \u2013 em funcionamento 24 horas por dia, 7 dias por semana.<\/span>\n\t\t\t\t\t\t\t\t\t<\/li>\n\t\t\t\t\t\t<\/ul>\n\t\t\t\t\t\t<\/div>\n\t\t<div class=\"elementor-element elementor-element-09bc9e7 e-con-full e-flex e-con e-child\" data-id=\"09bc9e7\" data-element_type=\"container\">\n\t\t\t\t<div class=\"elementor-element elementor-element-d22a266 jltma-glass-effect-no elementor-widget elementor-widget-jltma-counter-up\" data-id=\"d22a266\" data-element_type=\"widget\" data-widget_type=\"jltma-counter-up.default\">\n\t\t\t\t<div class=\"elementor-widget-container\">\n\t\t\t\t\t<div class=\"jltma-counterup-items jltma-row\"><div class=\"jltma-col-3 jltma-counterup-column\"><div class=\"jltma-counterup jltma-counterup-icon-center\"  id=\"2201\" style=\"background-color: \"><span class=\"jltma-counterup-icon counterup-icon-text-center\"><i class=\"fas fa-house-damage\"><\/i><\/span><div class=\"jltma-counterup-content\"><div class=\"jltma-counter-up-number-section\"><h3><\/h3><h3 class=\"jltma-counter-up-number\">1000<\/h3><h3>+<\/h3><\/div><span class=\"jltma-counterup-title\">Postos <\/span><\/div><\/div><\/div><div class=\"jltma-col-3 jltma-counterup-column\"><div class=\"jltma-counterup jltma-counterup-icon-center\"  id=\"2202\" style=\"background-color: \"><span class=\"jltma-counterup-icon counterup-icon-text-center\"><i class=\"fas fa-user-shield\"><\/i><\/span><div class=\"jltma-counterup-content\"><div class=\"jltma-counter-up-number-section\"><h3><\/h3><h3 class=\"jltma-counter-up-number\">1000<\/h3><h3>+<\/h3><\/div><span class=\"jltma-counterup-title\">Operativos <\/span><\/div><\/div><\/div><div class=\"jltma-col-3 jltma-counterup-column\"><div class=\"jltma-counterup jltma-counterup-icon-center\"  id=\"2203\" style=\"background-color: \"><span class=\"jltma-counterup-icon counterup-icon-text-center\"><i class=\"jltma-material-icon jltma-material-icon-security\"><\/i><\/span><div class=\"jltma-counterup-content\"><div class=\"jltma-counter-up-number-section\"><h3><\/h3><h3 class=\"jltma-counter-up-number\">6<\/h3><h3>+<\/h3><\/div><span class=\"jltma-counterup-title\">Base de opera\u00e7\u00f5es <\/span><\/div><\/div><\/div><div class=\"jltma-col-3 jltma-counterup-column\"><div class=\"jltma-counterup jltma-counterup-icon-center\"  id=\"2204\" style=\"background-color: \"><span class=\"jltma-counterup-icon counterup-icon-text-center\"><i class=\"fas fa-truck-moving\"><\/i><\/span><div class=\"jltma-counterup-content\"><div class=\"jltma-counter-up-number-section\"><h3><\/h3><h3 class=\"jltma-counter-up-number\">50<\/h3><h3>+<\/h3><\/div><span class=\"jltma-counterup-title\">Frotas de ve\u00edculos <\/span><\/div><\/div><\/div><\/div>\t\t\t\t<\/div>\n\t\t\t\t<\/div>\n\t\t\t\t<\/div>\n\t\t\t\t<\/div>\n\t\t<div class=\"elementor-element elementor-element-3da2e633 e-con-full e-flex e-con e-child\" data-id=\"3da2e633\" data-element_type=\"container\" data-settings=\"{&quot;background_background&quot;:&quot;classic&quot;}\">\n\t\t\t\t<div class=\"elementor-element elementor-element-e5e9f20 jltma-glass-effect-no elementor-widget elementor-widget-image\" data-id=\"e5e9f20\" data-element_type=\"widget\" data-widget_type=\"image.default\">\n\t\t\t\t\t\t\t\t\t\t\t\t\t\t\t<img decoding=\"async\" width=\"474\" height=\"559\" src=\"https:\/\/micasuseguranca.novadigital.co.mz\/wp-content\/uploads\/2025\/09\/Wallpaper-0.png\" class=\"attachment-large size-large wp-image-856\" alt=\"\" srcset=\"https:\/\/micasuseguranca.novadigital.co.mz\/wp-content\/uploads\/2025\/09\/Wallpaper-0.png 474w, https:\/\/micasuseguranca.novadigital.co.mz\/wp-content\/uploads\/2025\/09\/Wallpaper-0-254x300.png 254w, https:\/\/micasuseguranca.novadigital.co.mz\/wp-content\/uploads\/2025\/09\/Wallpaper-0-10x12.png 10w, https:\/\/micasuseguranca.novadigital.co.mz\/wp-content\/uploads\/2025\/09\/Wallpaper-0-200x236.png 200w\" sizes=\"(max-width: 474px) 100vw, 474px\" \/>\t\t\t\t\t\t\t\t\t\t\t\t\t\t\t<\/div>\n\t\t\t\t<\/div>\n\t\t\t\t\t<\/div>\n\t\t\t\t<\/div>\n\t\t<div class=\"elementor-element elementor-element-fcb8969 e-flex e-con-boxed e-con e-parent\" data-id=\"fcb8969\" data-element_type=\"container\">\n\t\t\t\t\t<div class=\"e-con-inner\">\n\t\t\t\t<div class=\"elementor-element elementor-element-6976c688 elementor-widget-divider--view-line jltma-glass-effect-no elementor-widget elementor-widget-divider\" data-id=\"6976c688\" data-element_type=\"widget\" data-widget_type=\"divider.default\">\n\t\t\t\t\t\t\t<div class=\"elementor-divider\">\n\t\t\t<span class=\"elementor-divider-separator\">\n\t\t\t\t\t\t<\/span>\n\t\t<\/div>\n\t\t\t\t\t\t<\/div>\n\t\t\t\t\t<\/div>\n\t\t\t\t<\/div>\n\t\t\t\t<\/div>\n\t\t\n    <div class=\"xs_social_share_widget xs_share_url after_content \t\tmain_content  wslu-style-1 wslu-share-box-shaped wslu-fill-colored wslu-none wslu-share-horizontal wslu-theme-font-no wslu-main_content\">\n\n\t\t\n        <ul>\n\t\t\t        <\/ul>\n    <\/div>","protected":false},"excerpt":{"rendered":"<p>COBRIMOS TODO O PA\u00cdS! Estamos sediados em Maputo, contudo a nossa equipa operacional e administrativa realiza desloca\u00e7\u00f5es e visitas peri\u00f3dicas de acompanhamento e coordena\u00e7\u00e3o dos trabalhos em cada prov\u00edncia. Em cada prov\u00edncia contamos com Delegados permanentes, respons\u00e1veis pela lideran\u00e7a das opera\u00e7\u00f5es e pela assist\u00eancia c\u00e9lere aos clientes. Dispomos de equipas de HST em todas as [&hellip;]<\/p>","protected":false},"author":1,"featured_media":0,"parent":0,"menu_order":0,"comment_status":"closed","ping_status":"closed","template":"","meta":{"footnotes":""},"class_list":["post-58","page","type-page","status-publish","hentry"],"_links":{"self":[{"href":"https:\/\/micasuseguranca.novadigital.co.mz\/en\/wp-json\/wp\/v2\/pages\/58","targetHints":{"allow":["GET"]}}],"collection":[{"href":"https:\/\/micasuseguranca.novadigital.co.mz\/en\/wp-json\/wp\/v2\/pages"}],"about":[{"href":"https:\/\/micasuseguranca.novadigital.co.mz\/en\/wp-json\/wp\/v2\/types\/page"}],"author":[{"embeddable":true,"href":"https:\/\/micasuseguranca.novadigital.co.mz\/en\/wp-json\/wp\/v2\/users\/1"}],"replies":[{"embeddable":true,"href":"https:\/\/micasuseguranca.novadigital.co.mz\/en\/wp-json\/wp\/v2\/comments?post=58"}],"version-history":[{"count":28,"href":"https:\/\/micasuseguranca.novadigital.co.mz\/en\/wp-json\/wp\/v2\/pages\/58\/revisions"}],"predecessor-version":[{"id":1094,"href":"https:\/\/micasuseguranca.novadigital.co.mz\/en\/wp-json\/wp\/v2\/pages\/58\/revisions\/1094"}],"wp:attachment":[{"href":"https:\/\/micasuseguranca.novadigital.co.mz\/en\/wp-json\/wp\/v2\/media?parent=58"}],"curies":[{"name":"wp","href":"https:\/\/api.w.org\/{rel}","templated":true}]}}